{"id":99,"date":"2025-08-28T16:02:21","date_gmt":"2025-08-28T16:02:21","guid":{"rendered":"https:\/\/reformasyproyectosdoshermanas.com\/?page_id=99"},"modified":"2025-08-28T16:51:05","modified_gmt":"2025-08-28T16:51:05","slug":"servicios","status":"publish","type":"page","link":"https:\/\/reformasyproyectosdoshermanas.com\/index.php\/servicios\/","title":{"rendered":"Servicios"},"content":{"rendered":"<p>[et_pb_section fb_built=\u00bb1&#8243; _builder_version=\u00bb4.27.4&#8243; _module_preset=\u00bbdefault\u00bb background_image=\u00bbhttps:\/\/reformasyproyectosdoshermanas.com\/wp-content\/uploads\/2025\/08\/living-room-with-couch-coffee-table-scaled.jpg\u00bb custom_padding=\u00bb||322px|||\u00bb global_colors_info=\u00bb{}\u00bb][\/et_pb_section][et_pb_section fb_built=\u00bb1&#8243; _builder_version=\u00bb4.27.4&#8243; _module_preset=\u00bbdefault\u00bb background_enable_color=\u00bboff\u00bb background_image=\u00bbhttps:\/\/reformasyproyectosdoshermanas.com\/wp-content\/uploads\/2025\/08\/logo-fondo3.png\u00bb parallax=\u00bbon\u00bb animation_style=\u00bbslide\u00bb animation_direction=\u00bbbottom\u00bb animation_duration=\u00bb1900ms\u00bb global_colors_info=\u00bb{}\u00bb][et_pb_row _builder_version=\u00bb4.27.4&#8243; _module_preset=\u00bbdefault\u00bb custom_padding=\u00bb24px|||||\u00bb global_colors_info=\u00bb{}\u00bb][et_pb_column type=\u00bb4_4&#8243; _builder_version=\u00bb4.27.4&#8243; _module_preset=\u00bbdefault\u00bb global_colors_info=\u00bb{}\u00bb][et_pb_text _builder_version=\u00bb4.27.4&#8243; _module_preset=\u00bbdefault\u00bb text_text_color=\u00bb#000000&#8243; text_orientation=\u00bbcenter\u00bb global_colors_info=\u00bb{}\u00bb]<\/p>\n<h1><span style=\"color: #333333;\">Flexi Group para reformas o proyectos de obra nueva<\/span><\/h1>\n<p>[\/et_pb_text][\/et_pb_column][\/et_pb_row][et_pb_row column_structure=\u00bb1_2,1_2&#8243; _builder_version=\u00bb4.27.4&#8243; _module_preset=\u00bbdefault\u00bb width=\u00bb55%\u00bb max_width=\u00bb1299px\u00bb custom_padding=\u00bb||25px|||\u00bb global_colors_info=\u00bb{}\u00bb][et_pb_column type=\u00bb1_2&#8243; _builder_version=\u00bb4.27.4&#8243; _module_preset=\u00bbdefault\u00bb global_colors_info=\u00bb{}\u00bb][et_pb_image src=\u00bbhttps:\/\/reformasyproyectosdoshermanas.com\/wp-content\/uploads\/2025\/08\/reformas.jpg\u00bb title_text=\u00bbreformas\u00bb _builder_version=\u00bb4.27.4&#8243; _module_preset=\u00bbdefault\u00bb border_width_all=\u00bb3px\u00bb border_color_all=\u00bb#FFFFFF\u00bb global_colors_info=\u00bb{}\u00bb][\/et_pb_image][\/et_pb_column][et_pb_column type=\u00bb1_2&#8243; _builder_version=\u00bb4.27.4&#8243; _module_preset=\u00bbdefault\u00bb global_colors_info=\u00bb{}\u00bb][et_pb_image src=\u00bbhttps:\/\/reformasyproyectosdoshermanas.com\/wp-content\/uploads\/2025\/08\/obra-nueva.jpg\u00bb title_text=\u00bbobra nueva\u00bb _builder_version=\u00bb4.27.4&#8243; _module_preset=\u00bbdefault\u00bb border_width_all=\u00bb3px\u00bb border_color_all=\u00bb#FFFFFF\u00bb global_colors_info=\u00bb{}\u00bb][\/et_pb_image][\/et_pb_column][\/et_pb_row][et_pb_row _builder_version=\u00bb4.27.4&#8243; _module_preset=\u00bbdefault\u00bb global_colors_info=\u00bb{}\u00bb][et_pb_column type=\u00bb4_4&#8243; _builder_version=\u00bb4.27.4&#8243; _module_preset=\u00bbdefault\u00bb global_colors_info=\u00bb{}\u00bb][et_pb_text _builder_version=\u00bb4.27.4&#8243; _module_preset=\u00bbdefault\u00bb text_font_size=\u00bb18px\u00bb width=\u00bb77%\u00bb module_alignment=\u00bbcenter\u00bb global_colors_info=\u00bb{}\u00bb]<\/p>\n<p style=\"text-align: justify;\">En <b>Flexi Group <\/b>transformamos tus ideas en realidades s\u00f3lidas. Nos especializamos en <strong data-start=\"308\" data-end=\"378\">reformas integrales, rehabilitaciones y construcci\u00f3n de obra nueva<\/strong>, ofreciendo soluciones adaptadas a cada necesidad, siempre con la m\u00e1xima calidad y compromiso.<\/p>\n<p>[\/et_pb_text][\/et_pb_column][\/et_pb_row][et_pb_row _builder_version=\u00bb4.27.4&#8243; _module_preset=\u00bbdefault\u00bb custom_margin=\u00bb9px|auto||auto||\u00bb global_colors_info=\u00bb{}\u00bb][et_pb_column type=\u00bb4_4&#8243; _builder_version=\u00bb4.27.4&#8243; _module_preset=\u00bbdefault\u00bb global_colors_info=\u00bb{}\u00bb][et_pb_text _builder_version=\u00bb4.27.4&#8243; _module_preset=\u00bbdefault\u00bb text_orientation=\u00bbcenter\u00bb global_colors_info=\u00bb{}\u00bb]<\/p>\n<h1><span style=\"color: #333333;\"><strong>Reformas integrales de viviendas<\/strong>.<\/span><\/h1>\n<div><\/div>\n<p>[\/et_pb_text][et_pb_text _builder_version=\u00bb4.27.4&#8243; _module_preset=\u00bbdefault\u00bb global_colors_info=\u00bb{}\u00bb]<\/p>\n<h2><span><b><\/b>Demoliciones, distribuci\u00f3n, fontaner\u00eda, electricidad, carpinter\u00eda, revestimientos, pintura, etc.<\/span><\/h2>\n<p>[\/et_pb_text][\/et_pb_column][\/et_pb_row][et_pb_row column_structure=\u00bb1_3,1_3,1_3&#8243; _builder_version=\u00bb4.27.4&#8243; _module_preset=\u00bbdefault\u00bb custom_padding=\u00bb||16px|||\u00bb global_colors_info=\u00bb{}\u00bb][et_pb_column type=\u00bb1_3&#8243; _builder_version=\u00bb4.27.4&#8243; _module_preset=\u00bbdefault\u00bb global_colors_info=\u00bb{}\u00bb][et_pb_blurb title=\u00bbReforma de ba\u00f1os\u00bb image=\u00bbhttps:\/\/reformasyproyectosdoshermanas.com\/wp-content\/uploads\/2025\/08\/modern-bathroom-with-freestanding-tub-vanity-scaled.jpg\u00bb _builder_version=\u00bb4.27.4&#8243; _module_preset=\u00bbdefault\u00bb header_text_align=\u00bbcenter\u00bb header_text_color=\u00bb#000000&#8243; background_layout=\u00bbdark\u00bb animation_style=\u00bbslide\u00bb global_colors_info=\u00bb{}\u00bb]<\/p>\n<p data-start=\"3078\" data-end=\"3191\" style=\"text-align: center;\"><span style=\"color: #333333;\">Sustituci\u00f3n de ba\u00f1era por plato de ducha, cambio de sanitarios, alicatado y grifer\u00eda. Funcionalidad y estilo.<\/span><\/p>\n<p data-start=\"3197\" data-end=\"3221\">[\/et_pb_blurb][\/et_pb_column][et_pb_column type=\u00bb1_3&#8243; _builder_version=\u00bb4.27.4&#8243; _module_preset=\u00bbdefault\u00bb global_colors_info=\u00bb{}\u00bb][et_pb_blurb title=\u00bbRehabilitaci\u00f3n de fachadas\u00bb image=\u00bbhttps:\/\/reformasyproyectosdoshermanas.com\/wp-content\/uploads\/2025\/08\/low-angle-closeup-shot-pink-building-with-windows-scaled.jpg\u00bb _builder_version=\u00bb4.27.4&#8243; _module_preset=\u00bbdefault\u00bb header_text_align=\u00bbcenter\u00bb header_text_color=\u00bb#000000&#8243; background_layout=\u00bbdark\u00bb animation_style=\u00bbslide\u00bb animation_duration=\u00bb1200ms\u00bb global_colors_info=\u00bb{}\u00bb]<\/p>\n<p style=\"text-align: center;\"><span style=\"color: #333333;\">Reparamos grietas, aplicamos aislamiento t\u00e9rmico\/ac\u00fastico y pintamos fachadas, devolviendo vida y protecci\u00f3n a tu edificio.<\/span><\/p>\n<p>[\/et_pb_blurb][\/et_pb_column][et_pb_column type=\u00bb1_3&#8243; _builder_version=\u00bb4.27.4&#8243; _module_preset=\u00bbdefault\u00bb global_colors_info=\u00bb{}\u00bb][et_pb_blurb title=\u00bbInstalaci\u00f3n de suelos y revestimientos\u00bb image=\u00bbhttps:\/\/reformasyproyectosdoshermanas.com\/wp-content\/uploads\/2025\/08\/suelos.jpg\u00bb _builder_version=\u00bb4.27.4&#8243; _module_preset=\u00bbdefault\u00bb header_text_align=\u00bbcenter\u00bb header_text_color=\u00bb#000000&#8243; background_layout=\u00bbdark\u00bb animation_style=\u00bbslide\u00bb animation_duration=\u00bb1400ms\u00bb global_colors_info=\u00bb{}\u00bb]<\/p>\n<p style=\"text-align: center;\"><span style=\"color: #333333;\">Colocaci\u00f3n de suelos y revestimientos de alta calidad, adaptados a tu estilo y necesidades.<\/span><\/p>\n<p style=\"text-align: center;\"><span style=\"color: #333333;\">Gres, m\u00e1rmol, tarima flotante, parquet&#8230;<\/span><\/p>\n<p>[\/et_pb_blurb][\/et_pb_column][\/et_pb_row][et_pb_row column_structure=\u00bb1_3,1_3,1_3&#8243; _builder_version=\u00bb4.27.4&#8243; _module_preset=\u00bbdefault\u00bb custom_padding=\u00bb||29px|||\u00bb global_colors_info=\u00bb{}\u00bb][et_pb_column type=\u00bb1_3&#8243; _builder_version=\u00bb4.27.4&#8243; _module_preset=\u00bbdefault\u00bb global_colors_info=\u00bb{}\u00bb][et_pb_blurb title=\u00bbImpermeabilizaci\u00f3n de cubiertas y terrazas\u00bb image=\u00bbhttps:\/\/reformasyproyectosdoshermanas.com\/wp-content\/uploads\/2025\/08\/worker-performs-overhaul-roof-residential-building-scaled.jpg\u00bb _builder_version=\u00bb4.27.4&#8243; _module_preset=\u00bbdefault\u00bb header_text_align=\u00bbcenter\u00bb header_text_color=\u00bb#000000&#8243; background_layout=\u00bbdark\u00bb animation_style=\u00bbslide\u00bb animation_duration=\u00bb1650ms\u00bb global_colors_info=\u00bb{}\u00bb]<\/p>\n<p style=\"text-align: center;\"><span style=\"color: #333333;\">Prevenci\u00f3n de humedades, filtraciones y aislamiento profesional para proteger tu hogar o negocio.<\/span><\/p>\n<p style=\"text-align: center;\"><span style=\"color: #333333;\">Materiales de \u00faltima generaci\u00f3n.<\/span><\/p>\n<p>[\/et_pb_blurb][\/et_pb_column][et_pb_column type=\u00bb1_3&#8243; _builder_version=\u00bb4.27.4&#8243; _module_preset=\u00bbdefault\u00bb global_colors_info=\u00bb{}\u00bb][et_pb_blurb title=\u00bbReformas de locales comerciales y oficinas\u00bb image=\u00bbhttps:\/\/reformasyproyectosdoshermanas.com\/wp-content\/uploads\/2025\/08\/low-angle-closeup-shot-pink-building-with-windows-copia.jpg\u00bb _builder_version=\u00bb4.27.4&#8243; _module_preset=\u00bbdefault\u00bb header_text_align=\u00bbcenter\u00bb header_text_color=\u00bb#000000&#8243; background_layout=\u00bbdark\u00bb animation_style=\u00bbslide\u00bb animation_duration=\u00bb1750ms\u00bb global_colors_info=\u00bb{}\u00bb]<\/p>\n<p style=\"text-align: center;\"><span style=\"color: #333333;\">Adecuamos espacios para tu negocio desde una reforma parcial o total: suelos, iluminaci\u00f3n, climatizaci\u00f3n, insonorizaci\u00f3n, rotulaci\u00f3n y distribuci\u00f3n \u00f3ptima.<\/span><\/p>\n<p>[\/et_pb_blurb][\/et_pb_column][et_pb_column type=\u00bb1_3&#8243; _builder_version=\u00bb4.27.4&#8243; _module_preset=\u00bbdefault\u00bb global_colors_info=\u00bb{}\u00bb][et_pb_blurb title=\u00bbAmpliaciones y redistribuci\u00f3n de espacios\u00bb image=\u00bbhttps:\/\/reformasyproyectosdoshermanas.com\/wp-content\/uploads\/2025\/08\/abandoned-empty-interior-former-store-scaled.jpg\u00bb _builder_version=\u00bb4.27.4&#8243; _module_preset=\u00bbdefault\u00bb header_text_align=\u00bbcenter\u00bb header_text_color=\u00bb#000000&#8243; background_layout=\u00bbdark\u00bb animation_style=\u00bbslide\u00bb animation_duration=\u00bb1950ms\u00bb global_colors_info=\u00bb{}\u00bb]<\/p>\n<p style=\"text-align: center;\"><span style=\"color: #333333;\">A\u00f1adimos habitaciones, abrimos cocinas al sal\u00f3n y unimos estancias para maximizar tu hogar. D\u00edganos sus necesidades y buscaremos la mejor soluci\u00f3n.<\/span><\/p>\n<p>[\/et_pb_blurb][\/et_pb_column][\/et_pb_row][et_pb_row _builder_version=\u00bb4.27.4&#8243; _module_preset=\u00bbdefault\u00bb][et_pb_column _builder_version=\u00bb4.27.4&#8243; _module_preset=\u00bbdefault\u00bb type=\u00bb4_4&#8243;][et_pb_image src=\u00bbhttps:\/\/reformasyproyectosdoshermanas.com\/wp-content\/uploads\/2025\/08\/IMG_0225-2-scaled.jpg\u00bb _builder_version=\u00bb4.27.4&#8243; _module_preset=\u00bbdefault\u00bb title_text=\u00bbIMG_0225 2&#8243; hover_enabled=\u00bb0&#8243; sticky_enabled=\u00bb0&#8243;][\/et_pb_image][\/et_pb_column][\/et_pb_row][\/et_pb_section][et_pb_section fb_built=\u00bb1&#8243; _builder_version=\u00bb4.27.4&#8243; _module_preset=\u00bbdefault\u00bb background_color=\u00bb#95aca2&#8243; global_colors_info=\u00bb{}\u00bb][et_pb_row _builder_version=\u00bb4.27.4&#8243; _module_preset=\u00bbdefault\u00bb global_colors_info=\u00bb{}\u00bb][et_pb_column type=\u00bb4_4&#8243; _builder_version=\u00bb4.27.4&#8243; _module_preset=\u00bbdefault\u00bb global_colors_info=\u00bb{}\u00bb][et_pb_text _builder_version=\u00bb4.27.4&#8243; _module_preset=\u00bbdefault\u00bb global_colors_info=\u00bb{}\u00bb]<\/p>\n<h1 style=\"text-align: center;\"><span style=\"color: #ffffff;\">Reformas integrales en Dos Hermanas | Flexi Group |<\/span><\/h1>\n<p>[\/et_pb_text][et_pb_text _builder_version=\u00bb4.27.4&#8243; _module_preset=\u00bbdefault\u00bb global_colors_info=\u00bb{}\u00bb]<\/p>\n<h2 style=\"text-align: center;\"><span style=\"color: #ffffff;\">M\u00e1s de 30 a\u00f1os de experiencia en el sector construcci\u00f3n nos avalan<\/span><\/h2>\n<p>[\/et_pb_text][et_pb_button button_text=\u00bbSolicita tu presupuesto gratis \u00bb button_alignment=\u00bbcenter\u00bb _builder_version=\u00bb4.27.4&#8243; _module_preset=\u00bbdefault\u00bb custom_button=\u00bbon\u00bb button_text_color=\u00bb#FFFFFF\u00bb button_bg_color=\u00bb#545454&#8243; button_border_width=\u00bb0px\u00bb button_border_radius=\u00bb0px\u00bb button_use_icon=\u00bboff\u00bb global_colors_info=\u00bb{}\u00bb][\/et_pb_button][\/et_pb_column][\/et_pb_row][\/et_pb_section][et_pb_section fb_built=\u00bb1&#8243; _builder_version=\u00bb4.27.4&#8243; _module_preset=\u00bbdefault\u00bb custom_padding=\u00bb||47px|||\u00bb global_colors_info=\u00bb{}\u00bb][\/et_pb_section]<\/p>\n","protected":false},"excerpt":{"rendered":"<p>Flexi Group para reformas o proyectos de obra nuevaEn Flexi Group transformamos tus ideas en realidades s\u00f3lidas. Nos especializamos en reformas integrales, rehabilitaciones y construcci\u00f3n de obra nueva, ofreciendo soluciones adaptadas a cada necesidad, siempre con la m\u00e1xima calidad y compromiso.Reformas integrales de viviendas. Demoliciones, distribuci\u00f3n, fontaner\u00eda, electricidad, carpinter\u00eda, revestimientos, pintura, etc.Sustituci\u00f3n de ba\u00f1era por [&hellip;]<\/p>\n","protected":false},"author":1,"featured_media":0,"parent":0,"menu_order":0,"comment_status":"closed","ping_status":"closed","template":"","meta":{"_et_pb_use_builder":"on","_et_pb_old_content":"","_et_gb_content_width":"","footnotes":""},"class_list":["post-99","page","type-page","status-publish","hentry"],"_links":{"self":[{"href":"https:\/\/reformasyproyectosdoshermanas.com\/index.php\/wp-json\/wp\/v2\/pages\/99","targetHints":{"allow":["GET"]}}],"collection":[{"href":"https:\/\/reformasyproyectosdoshermanas.com\/index.php\/wp-json\/wp\/v2\/pages"}],"about":[{"href":"https:\/\/reformasyproyectosdoshermanas.com\/index.php\/wp-json\/wp\/v2\/types\/page"}],"author":[{"embeddable":true,"href":"https:\/\/reformasyproyectosdoshermanas.com\/index.php\/wp-json\/wp\/v2\/users\/1"}],"replies":[{"embeddable":true,"href":"https:\/\/reformasyproyectosdoshermanas.com\/index.php\/wp-json\/wp\/v2\/comments?post=99"}],"version-history":[{"count":7,"href":"https:\/\/reformasyproyectosdoshermanas.com\/index.php\/wp-json\/wp\/v2\/pages\/99\/revisions"}],"predecessor-version":[{"id":148,"href":"https:\/\/reformasyproyectosdoshermanas.com\/index.php\/wp-json\/wp\/v2\/pages\/99\/revisions\/148"}],"wp:attachment":[{"href":"https:\/\/reformasyproyectosdoshermanas.com\/index.php\/wp-json\/wp\/v2\/media?parent=99"}],"curies":[{"name":"wp","href":"https:\/\/api.w.org\/{rel}","templated":true}]}}