{"id":91,"date":"2025-08-28T16:00:20","date_gmt":"2025-08-28T16:00:20","guid":{"rendered":"https:\/\/reformasyproyectosdoshermanas.com\/?page_id=91"},"modified":"2026-01-19T18:43:31","modified_gmt":"2026-01-19T18:43:31","slug":"contacto","status":"publish","type":"page","link":"https:\/\/reformasyproyectosdoshermanas.com\/index.php\/contacto\/","title":{"rendered":"Contacto"},"content":{"rendered":"<p>[et_pb_section fb_built=\u00bb1&#8243; _builder_version=\u00bb4.27.4&#8243; _module_preset=\u00bbdefault\u00bb background_image=\u00bbhttps:\/\/reformasyproyectosdoshermanas.com\/wp-content\/uploads\/2025\/08\/dos-hermanas-portada.jpg\u00bb custom_padding=\u00bb||322px|||\u00bb global_colors_info=\u00bb{}\u00bb][\/et_pb_section][et_pb_section fb_built=\u00bb1&#8243; _builder_version=\u00bb4.27.4&#8243; _module_preset=\u00bbdefault\u00bb custom_padding=\u00bb||196px|||\u00bb global_colors_info=\u00bb{}\u00bb][et_pb_row column_structure=\u00bb1_2,1_2&#8243; _builder_version=\u00bb4.27.4&#8243; _module_preset=\u00bbdefault\u00bb global_colors_info=\u00bb{}\u00bb][et_pb_column type=\u00bb1_2&#8243; _builder_version=\u00bb4.27.4&#8243; _module_preset=\u00bbdefault\u00bb global_colors_info=\u00bb{}\u00bb][et_pb_code _builder_version=\u00bb4.27.4&#8243; _module_preset=\u00bbdefault\u00bb border_width_all=\u00bb7px\u00bb border_color_all=\u00bb#95aca2&#8243; global_colors_info=\u00bb{}\u00bb]<iframe src=\"https:\/\/www.google.com\/maps\/embed?pb=!1m18!1m12!1m3!1d6348.171781796738!2d-5.925797624099238!3d37.2930981397602!2m3!1f0!2f0!3f0!3m2!1i1024!2i768!4f13.1!3m3!1m2!1s0xd127043d9b39093%3A0xfe0fcf1fd9aea0de!2sAv.%20de%20Espa%C3%B1a%2C%2055%2C%2041704%20Dos%20Hermanas%2C%20Sevilla!5e0!3m2!1ses!2ses!4v1756396285787!5m2!1ses!2ses\" width=\"600\" height=\"450\" style=\"border:0;\" allowfullscreen=\"\" loading=\"lazy\" referrerpolicy=\"no-referrer-when-downgrade\"><\/iframe>[\/et_pb_code][et_pb_button button_url=\u00bbhttps:\/\/maps.app.goo.gl\/Cr3hcM2evhjGZCvv6&#8243; button_text=\u00bbCOMO LLEGAR A NUESTRA OFICINA\u00bb button_alignment=\u00bbcenter\u00bb _builder_version=\u00bb4.27.4&#8243; _module_preset=\u00bbdefault\u00bb custom_button=\u00bbon\u00bb button_text_color=\u00bb#FFFFFF\u00bb button_bg_color=\u00bb#63726e\u00bb global_colors_info=\u00bb{}\u00bb][\/et_pb_button][\/et_pb_column][et_pb_column type=\u00bb1_2&#8243; _builder_version=\u00bb4.27.4&#8243; _module_preset=\u00bbdefault\u00bb global_colors_info=\u00bb{}\u00bb][et_pb_blurb title=\u00bbOficina (visitas por CITA PREVIA)\u00bb use_icon=\u00bbon\u00bb font_icon=\u00bb&#xe01d;||divi||400&#8243; icon_color=\u00bb#95aca2&#8243; icon_placement=\u00bbleft\u00bb _builder_version=\u00bb4.27.5&#8243; _module_preset=\u00bbdefault\u00bb custom_margin=\u00bb10px|||||\u00bb hover_enabled=\u00bb0&#8243; global_colors_info=\u00bb{}\u00bb header_font_size=\u00bb25px\u00bb body_font_size=\u00bb16px\u00bb sticky_enabled=\u00bb0&#8243;]<\/p>\n<p><strong><span>Avenida Espa\u00f1a 55, 1 planta Oficina 13. 41704 Dos Hermanas.<\/span><\/strong><\/p>\n<p>[\/et_pb_blurb][et_pb_divider color=\u00bb#000000&#8243; _builder_version=\u00bb4.27.4&#8243; _module_preset=\u00bbdefault\u00bb width=\u00bb49%\u00bb module_alignment=\u00bbcenter\u00bb custom_margin=\u00bb||21px|||\u00bb global_colors_info=\u00bb{}\u00bb][\/et_pb_divider][et_pb_blurb title=\u00bbMAIL\u00bb use_icon=\u00bbon\u00bb font_icon=\u00bb&#xf1fa;||fa||900&#8243; icon_color=\u00bb#95aca2&#8243; icon_placement=\u00bbleft\u00bb _builder_version=\u00bb4.27.4&#8243; _module_preset=\u00bbdefault\u00bb custom_margin=\u00bb18px|||||\u00bb global_colors_info=\u00bb{}\u00bb]<\/p>\n<p><a href=\"mailto:proyectosfxg@gmail.com\" target=\"_blank\" rel=\"noopener\"><span class=\"il\">proyectosfxg@gmail.com<\/span><\/a><\/p>\n<p>[\/et_pb_blurb][et_pb_divider color=\u00bb#000000&#8243; _builder_version=\u00bb4.27.4&#8243; _module_preset=\u00bbdefault\u00bb width=\u00bb49%\u00bb module_alignment=\u00bbcenter\u00bb custom_margin=\u00bb||23px|||\u00bb global_colors_info=\u00bb{}\u00bb][\/et_pb_divider][et_pb_blurb title=\u00bbTel\u00e9fono de contacto\u00bb use_icon=\u00bbon\u00bb font_icon=\u00bb&#xe00b;||divi||400&#8243; icon_color=\u00bb#95aca2&#8243; icon_placement=\u00bbleft\u00bb _builder_version=\u00bb4.27.4&#8243; _module_preset=\u00bbdefault\u00bb custom_margin=\u00bb||23px|||\u00bb global_colors_info=\u00bb{}\u00bb]<\/p>\n<h1><span>614 383 094<\/span><\/h1>\n<p>[\/et_pb_blurb][et_pb_divider color=\u00bb#000000&#8243; _builder_version=\u00bb4.27.4&#8243; _module_preset=\u00bbdefault\u00bb width=\u00bb49%\u00bb module_alignment=\u00bbcenter\u00bb custom_margin=\u00bb||19px|||\u00bb global_colors_info=\u00bb{}\u00bb][\/et_pb_divider][et_pb_blurb title=\u00bbWhatssApp\u00bb use_icon=\u00bbon\u00bb font_icon=\u00bb&#xe065;||divi||400&#8243; icon_color=\u00bb#95aca2&#8243; icon_placement=\u00bbleft\u00bb _builder_version=\u00bb4.27.4&#8243; _module_preset=\u00bbdefault\u00bb global_colors_info=\u00bb{}\u00bb]<\/p>\n<h1><span>614 383 094<\/span><\/h1>\n<p>[\/et_pb_blurb][et_pb_divider color=\u00bb#000000&#8243; _builder_version=\u00bb4.27.4&#8243; _module_preset=\u00bbdefault\u00bb width=\u00bb49%\u00bb module_alignment=\u00bbcenter\u00bb global_colors_info=\u00bb{}\u00bb][\/et_pb_divider][\/et_pb_column][\/et_pb_row][\/et_pb_section][et_pb_section fb_built=\u00bb1&#8243; disabled_on=\u00bbon|on|off\u00bb _builder_version=\u00bb4.27.4&#8243; _module_preset=\u00bbdefault\u00bb custom_padding=\u00bb||20px|||\u00bb border_width_top=\u00bb7px\u00bb border_color_top=\u00bb#95aca2&#8243; box_shadow_style=\u00bbpreset1&#8243; box_shadow_horizontal=\u00bb3px\u00bb box_shadow_vertical=\u00bb-20px\u00bb box_shadow_spread=\u00bb-14px\u00bb global_colors_info=\u00bb{}\u00bb][et_pb_row column_structure=\u00bb1_3,1_3,1_3&#8243; _builder_version=\u00bb4.27.4&#8243; _module_preset=\u00bbdefault\u00bb global_colors_info=\u00bb{}\u00bb][et_pb_column type=\u00bb1_3&#8243; _builder_version=\u00bb4.27.4&#8243; _module_preset=\u00bbdefault\u00bb global_colors_info=\u00bb{}\u00bb][et_pb_text _builder_version=\u00bb4.27.4&#8243; _module_preset=\u00bbdefault\u00bb custom_margin=\u00bb-38px|||||\u00bb global_colors_info=\u00bb{}\u00bb]<\/p>\n<ul>\n<li><span style=\"color: #333333;\"><a href=\"https:\/\/reformasyproyectosdoshermanas.com\/index.php\/aviso-legal\" style=\"color: #333333;\">Aviso legal<\/a><\/span><\/li>\n<li><span style=\"color: #333333;\"><a href=\"https:\/\/reformasyproyectosdoshermanas.com\/index.php\/politica-de-privacidad\/\" style=\"color: #333333;\">Pol\u00edtica de Privacidad<\/a><\/span><\/li>\n<li><span style=\"color: #333333;\"><a href=\"https:\/\/reformasyproyectosdoshermanas.com\/index.php\/politica-de-cookies\" style=\"color: #333333;\">Pol\u00edtica de cookies<\/a><\/span><\/li>\n<li><span style=\"color: #333333;\">Pol\u00edtica de Accesibilidad<\/span><\/li>\n<\/ul>\n<p>[\/et_pb_text][\/et_pb_column][et_pb_column type=\u00bb1_3&#8243; _builder_version=\u00bb4.27.4&#8243; _module_preset=\u00bbdefault\u00bb global_colors_info=\u00bb{}\u00bb][et_pb_image src=\u00bbhttps:\/\/reformasyproyectosdoshermanas.com\/wp-content\/uploads\/2025\/08\/logo-Flexi-.png\u00bb title_text=\u00bblogo-Flexi-\u00bb _builder_version=\u00bb4.27.4&#8243; _module_preset=\u00bbdefault\u00bb custom_margin=\u00bb-233px||||false|false\u00bb global_colors_info=\u00bb{}\u00bb][\/et_pb_image][\/et_pb_column][et_pb_column type=\u00bb1_3&#8243; _builder_version=\u00bb4.27.4&#8243; _module_preset=\u00bbdefault\u00bb global_colors_info=\u00bb{}\u00bb][et_pb_text _builder_version=\u00bb4.27.4&#8243; _module_preset=\u00bbdefault\u00bb custom_margin=\u00bb-38px|||||\u00bb global_colors_info=\u00bb{}\u00bb]<\/p>\n<p style=\"text-align: center;\"><span style=\"font-size: large;\"><strong>FLEXI Group S.L.<\/strong><\/span><br \/>Avenida de Espa\u00f1a 55. Oficina 13. Dos Hermanas, Sevilla.\u00a0<\/p>\n<p style=\"text-align: center;\"><strong>CITA PREVIA<\/strong>:<span style=\"font-size: large;\"> 614 383 094<\/span><\/p>\n<p>[\/et_pb_text][\/et_pb_column][\/et_pb_row][et_pb_row _builder_version=\u00bb4.27.4&#8243; _module_preset=\u00bbdefault\u00bb custom_margin=\u00bb-6px|auto||auto||\u00bb global_colors_info=\u00bb{}\u00bb][et_pb_column type=\u00bb4_4&#8243; _builder_version=\u00bb4.27.4&#8243; _module_preset=\u00bbdefault\u00bb global_colors_info=\u00bb{}\u00bb][et_pb_image src=\u00bbhttps:\/\/reformasyproyectosdoshermanas.com\/wp-content\/uploads\/2025\/08\/Logo-digitalizadores-scaled.png\u00bb alt=\u00bbkit digital 75&#8243; title_text=\u00bbLogo-digitalizadores\u00bb align=\u00bbcenter\u00bb _builder_version=\u00bb4.27.4&#8243; _module_preset=\u00bbdefault\u00bb global_colors_info=\u00bb{}\u00bb][\/et_pb_image][\/et_pb_column][\/et_pb_row][\/et_pb_section][et_pb_section fb_built=\u00bb1&#8243; disabled_on=\u00bboff|on|on\u00bb _builder_version=\u00bb4.27.4&#8243; _module_preset=\u00bbdefault\u00bb custom_padding=\u00bb||20px|||\u00bb border_width_top=\u00bb7px\u00bb border_color_top=\u00bb#95aca2&#8243; box_shadow_style=\u00bbpreset1&#8243; box_shadow_horizontal=\u00bb3px\u00bb box_shadow_vertical=\u00bb-20px\u00bb box_shadow_spread=\u00bb-14px\u00bb global_colors_info=\u00bb{}\u00bb][et_pb_row column_structure=\u00bb1_3,1_3,1_3&#8243; _builder_version=\u00bb4.27.4&#8243; _module_preset=\u00bbdefault\u00bb global_colors_info=\u00bb{}\u00bb][et_pb_column type=\u00bb1_3&#8243; _builder_version=\u00bb4.27.4&#8243; _module_preset=\u00bbdefault\u00bb global_colors_info=\u00bb{}\u00bb][\/et_pb_column][et_pb_column type=\u00bb1_3&#8243; _builder_version=\u00bb4.27.4&#8243; _module_preset=\u00bbdefault\u00bb global_colors_info=\u00bb{}\u00bb][et_pb_image src=\u00bbhttps:\/\/reformasyproyectosdoshermanas.com\/wp-content\/uploads\/2025\/08\/logo-Flexi-.png\u00bb title_text=\u00bblogo-Flexi-\u00bb _builder_version=\u00bb4.27.4&#8243; _module_preset=\u00bbdefault\u00bb custom_margin=\u00bb-233px||||false|false\u00bb global_colors_info=\u00bb{}\u00bb][\/et_pb_image][\/et_pb_column][et_pb_column type=\u00bb1_3&#8243; _builder_version=\u00bb4.27.4&#8243; _module_preset=\u00bbdefault\u00bb global_colors_info=\u00bb{}\u00bb][et_pb_text _builder_version=\u00bb4.27.4&#8243; _module_preset=\u00bbdefault\u00bb custom_margin=\u00bb-38px|||||\u00bb global_colors_info=\u00bb{}\u00bb]<\/p>\n<p style=\"text-align: center;\"><span style=\"font-size: large;\"><strong>FLEXI Group S.L.<\/strong><\/span><br \/>Avenida de Espa\u00f1a 55. Oficina 13. Dos Hermanas, Sevilla.\u00a0<\/p>\n<p style=\"text-align: center;\"><strong>CITA PREVIA<\/strong>:<span style=\"font-size: large;\"> 614 383 094<\/span><\/p>\n<p>[\/et_pb_text][et_pb_text _builder_version=\u00bb4.27.4&#8243; _module_preset=\u00bbdefault\u00bb custom_margin=\u00bb-8px||||false|false\u00bb global_colors_info=\u00bb{}\u00bb]<\/p>\n<p style=\"text-align: center;\"><span style=\"color: #333333;\"><a href=\"https:\/\/reformasyproyectosdoshermanas.com\/index.php\/aviso-legal\" style=\"color: #333333;\">Aviso legal<\/a><br \/><\/span><span style=\"color: #333333;\"><a href=\"https:\/\/reformasyproyectosdoshermanas.com\/index.php\/politica-de-privacidad\/\" style=\"color: #333333;\">Pol\u00edtica de Privacidad<\/a><br \/><\/span><span style=\"color: #333333;\"><a href=\"https:\/\/reformasyproyectosdoshermanas.com\/index.php\/politica-de-cookies\" style=\"color: #333333;\">Pol\u00edtica de cookies<\/a><br \/><\/span><span style=\"color: #333333;\">Pol\u00edtica de Accesibilidad<\/span><\/p>\n<p>[\/et_pb_text][\/et_pb_column][\/et_pb_row][et_pb_row _builder_version=\u00bb4.27.4&#8243; _module_preset=\u00bbdefault\u00bb custom_margin=\u00bb-6px|auto||auto||\u00bb global_colors_info=\u00bb{}\u00bb][et_pb_column type=\u00bb4_4&#8243; _builder_version=\u00bb4.27.4&#8243; _module_preset=\u00bbdefault\u00bb global_colors_info=\u00bb{}\u00bb][et_pb_image src=\u00bbhttps:\/\/reformasyproyectosdoshermanas.com\/wp-content\/uploads\/2025\/08\/Logo-digitalizadores-scaled.png\u00bb alt=\u00bbkit digital 75&#8243; title_text=\u00bbLogo-digitalizadores\u00bb align=\u00bbcenter\u00bb _builder_version=\u00bb4.27.4&#8243; _module_preset=\u00bbdefault\u00bb global_colors_info=\u00bb{}\u00bb][\/et_pb_image][\/et_pb_column][\/et_pb_row][\/et_pb_section][et_pb_section fb_built=\u00bb1&#8243; _builder_version=\u00bb4.27.4&#8243; _module_preset=\u00bbdefault\u00bb custom_padding=\u00bb5px||17px|||\u00bb global_colors_info=\u00bb{}\u00bb][et_pb_row _builder_version=\u00bb4.27.4&#8243; _module_preset=\u00bbdefault\u00bb custom_padding=\u00bb7px|||||\u00bb global_colors_info=\u00bb{}\u00bb][et_pb_column type=\u00bb4_4&#8243; _builder_version=\u00bb4.27.4&#8243; _module_preset=\u00bbdefault\u00bb global_colors_info=\u00bb{}\u00bb][et_pb_text _builder_version=\u00bb4.27.4&#8243; _module_preset=\u00bbdefault\u00bb global_colors_info=\u00bb{}\u00bb]<\/p>\n<p style=\"text-align: center;\"><strong>\u00a9 2021 Flexi Group S.L. Construcciones y Reformas en Dos Hermanas | Sevilla | Dise\u00f1o by \u00ae<\/strong><span style=\"color: #333333;\"><a href=\"https:\/\/creativos75.com\" style=\"color: #333333;\" target=\"_blank\" rel=\"noopener\"><strong>75<\/strong><\/a><\/span><\/p>\n<p>[\/et_pb_text][\/et_pb_column][\/et_pb_row][\/et_pb_section]<\/p>\n","protected":false},"excerpt":{"rendered":"<p>Avenida Espa\u00f1a 55, 1 planta Oficina 13. 41704 Dos Hermanas.proyectosfxg@gmail.com614 383 094614 383 094 Aviso legal Pol\u00edtica de Privacidad Pol\u00edtica de cookies Pol\u00edtica de Accesibilidad FLEXI Group S.L.Avenida de Espa\u00f1a 55. Oficina 13. Dos Hermanas, Sevilla.\u00a0 CITA PREVIA: 614 383 094FLEXI Group S.L.Avenida de Espa\u00f1a 55. Oficina 13. Dos Hermanas, Sevilla.\u00a0 CITA PREVIA: 614 383 [&hellip;]<\/p>\n","protected":false},"author":1,"featured_media":0,"parent":0,"menu_order":0,"comment_status":"closed","ping_status":"closed","template":"","meta":{"_et_pb_use_builder":"on","_et_pb_old_content":"","_et_gb_content_width":"","footnotes":""},"class_list":["post-91","page","type-page","status-publish","hentry"],"_links":{"self":[{"href":"https:\/\/reformasyproyectosdoshermanas.com\/index.php\/wp-json\/wp\/v2\/pages\/91","targetHints":{"allow":["GET"]}}],"collection":[{"href":"https:\/\/reformasyproyectosdoshermanas.com\/index.php\/wp-json\/wp\/v2\/pages"}],"about":[{"href":"https:\/\/reformasyproyectosdoshermanas.com\/index.php\/wp-json\/wp\/v2\/types\/page"}],"author":[{"embeddable":true,"href":"https:\/\/reformasyproyectosdoshermanas.com\/index.php\/wp-json\/wp\/v2\/users\/1"}],"replies":[{"embeddable":true,"href":"https:\/\/reformasyproyectosdoshermanas.com\/index.php\/wp-json\/wp\/v2\/comments?post=91"}],"version-history":[{"count":6,"href":"https:\/\/reformasyproyectosdoshermanas.com\/index.php\/wp-json\/wp\/v2\/pages\/91\/revisions"}],"predecessor-version":[{"id":281,"href":"https:\/\/reformasyproyectosdoshermanas.com\/index.php\/wp-json\/wp\/v2\/pages\/91\/revisions\/281"}],"wp:attachment":[{"href":"https:\/\/reformasyproyectosdoshermanas.com\/index.php\/wp-json\/wp\/v2\/media?parent=91"}],"curies":[{"name":"wp","href":"https:\/\/api.w.org\/{rel}","templated":true}]}}