{"id":194,"date":"2025-08-28T17:33:39","date_gmt":"2025-08-28T17:33:39","guid":{"rendered":"https:\/\/reformasyproyectosdoshermanas.com\/?page_id=194"},"modified":"2025-08-28T17:33:39","modified_gmt":"2025-08-28T17:33:39","slug":"politica-de-cookies-2","status":"publish","type":"page","link":"https:\/\/reformasyproyectosdoshermanas.com\/index.php\/politica-de-cookies-2\/","title":{"rendered":"Pol\u00edtica de cookies"},"content":{"rendered":"<p>[et_pb_section fb_built=\u00bb1&#8243; _builder_version=\u00bb4.27.4&#8243; _module_preset=\u00bbdefault\u00bb global_colors_info=\u00bb{}\u00bb theme_builder_area=\u00bbpost_content\u00bb][et_pb_row _builder_version=\u00bb4.27.4&#8243; _module_preset=\u00bbdefault\u00bb global_colors_info=\u00bb{}\u00bb theme_builder_area=\u00bbpost_content\u00bb][et_pb_column type=\u00bb4_4&#8243; _builder_version=\u00bb4.27.4&#8243; _module_preset=\u00bbdefault\u00bb global_colors_info=\u00bb{}\u00bb theme_builder_area=\u00bbpost_content\u00bb][et_pb_text _builder_version=\u00bb4.27.4&#8243; _module_preset=\u00bbdefault\u00bb global_colors_info=\u00bb{}\u00bb theme_builder_area=\u00bbpost_content\u00bb]<\/p>\n<p style=\"text-align: center;\"><span style=\"font-size: xx-large;\"><b>POL\u00cdTICA DE COOKIES<\/b><\/span><\/p>\n<p style=\"text-align: center;\"><span><span style=\"font-size: xx-large;\"><b><\/b><\/span><\/span><\/p>\n<p>&nbsp;<\/p>\n<p>Este sitio web utiliza cookies para mejorar la experiencia del usuario y analizar el tr\u00e1fico web. Al navegar por \u00e9l, el usuario acepta el uso de cookies conforme a esta pol\u00edtica.<\/p>\n<p><b>1. \u00bfQu\u00e9 son las cookies?<\/b><br \/>Las cookies son peque\u00f1os archivos de texto que se almacenan en el navegador del usuario al visitar un sitio web. Sirven para reconocer al usuario en futuras visitas y permitir una navegaci\u00f3n m\u00e1s eficiente.<\/p>\n<p><b>2. Tipos de cookies utilizadas<\/b><b><\/b><\/p>\n<ul>\n<li><span><\/span><b>Cookies t\u00e9cnicas:<\/b> necesarias para el funcionamiento b\u00e1sico del sitio.<\/li>\n<li><span><\/span><b>Cookies de an\u00e1lisis:<\/b> permiten cuantificar el n\u00famero de usuarios y realizar medici\u00f3n y an\u00e1lisis estad\u00edstico.<\/li>\n<li><span><\/span><b>Cookies de terceros:<\/b> el sitio puede utilizar servicios de terceros como Google Analytics para recopilar datos estad\u00edsticos an\u00f3nimos.<\/li>\n<\/ul>\n<p><b>3. Gesti\u00f3n de cookies<\/b><br \/>El usuario puede permitir, bloquear o eliminar las cookies instaladas en su equipo mediante la configuraci\u00f3n de las opciones del navegador:<\/p>\n<ul>\n<li><span><\/span>Google Chrome<\/li>\n<li><span><\/span>Mozilla Firefox<\/li>\n<li><span><\/span>Microsoft Edge<\/li>\n<li><span><\/span>Safari<\/li>\n<\/ul>\n<p><b>4. Consentimiento<\/b><br \/>Al continuar navegando por la web, el usuario consiente el uso de cookies. Puede modificar su configuraci\u00f3n en cualquier momento a trav\u00e9s de su navegador.<\/p>\n<p>&nbsp;<\/p>\n<p>&nbsp;<\/p>\n<p>&nbsp;<\/p>\n<p>&nbsp;<\/p>\n<p>[\/et_pb_text][\/et_pb_column][\/et_pb_row][\/et_pb_section]<\/p>\n","protected":false},"excerpt":{"rendered":"<p>POL\u00cdTICA DE COOKIES &nbsp; Este sitio web utiliza cookies para mejorar la experiencia del usuario y analizar el tr\u00e1fico web. Al navegar por \u00e9l, el usuario acepta el uso de cookies conforme a esta pol\u00edtica. 1. \u00bfQu\u00e9 son las cookies?Las cookies son peque\u00f1os archivos de texto que se almacenan en el navegador del usuario al [&hellip;]<\/p>\n","protected":false},"author":1,"featured_media":0,"parent":0,"menu_order":0,"comment_status":"closed","ping_status":"closed","template":"","meta":{"_et_pb_use_builder":"on","_et_pb_old_content":"","_et_gb_content_width":"","footnotes":""},"class_list":["post-194","page","type-page","status-publish","hentry"],"_links":{"self":[{"href":"https:\/\/reformasyproyectosdoshermanas.com\/index.php\/wp-json\/wp\/v2\/pages\/194","targetHints":{"allow":["GET"]}}],"collection":[{"href":"https:\/\/reformasyproyectosdoshermanas.com\/index.php\/wp-json\/wp\/v2\/pages"}],"about":[{"href":"https:\/\/reformasyproyectosdoshermanas.com\/index.php\/wp-json\/wp\/v2\/types\/page"}],"author":[{"embeddable":true,"href":"https:\/\/reformasyproyectosdoshermanas.com\/index.php\/wp-json\/wp\/v2\/users\/1"}],"replies":[{"embeddable":true,"href":"https:\/\/reformasyproyectosdoshermanas.com\/index.php\/wp-json\/wp\/v2\/comments?post=194"}],"version-history":[{"count":2,"href":"https:\/\/reformasyproyectosdoshermanas.com\/index.php\/wp-json\/wp\/v2\/pages\/194\/revisions"}],"predecessor-version":[{"id":196,"href":"https:\/\/reformasyproyectosdoshermanas.com\/index.php\/wp-json\/wp\/v2\/pages\/194\/revisions\/196"}],"wp:attachment":[{"href":"https:\/\/reformasyproyectosdoshermanas.com\/index.php\/wp-json\/wp\/v2\/media?parent=194"}],"curies":[{"name":"wp","href":"https:\/\/api.w.org\/{rel}","templated":true}]}}