{"id":185,"date":"2025-08-28T17:31:22","date_gmt":"2025-08-28T17:31:22","guid":{"rendered":"https:\/\/reformasyproyectosdoshermanas.com\/?page_id=185"},"modified":"2025-08-28T17:34:34","modified_gmt":"2025-08-28T17:34:34","slug":"aviso-legal","status":"publish","type":"page","link":"https:\/\/reformasyproyectosdoshermanas.com\/index.php\/aviso-legal\/","title":{"rendered":"Aviso legal"},"content":{"rendered":"<p>[et_pb_section fb_built=\u00bb1&#8243; theme_builder_area=\u00bbpost_content\u00bb _builder_version=\u00bb4.27.4&#8243; _module_preset=\u00bbdefault\u00bb][et_pb_row _builder_version=\u00bb4.27.4&#8243; _module_preset=\u00bbdefault\u00bb theme_builder_area=\u00bbpost_content\u00bb][et_pb_column _builder_version=\u00bb4.27.4&#8243; _module_preset=\u00bbdefault\u00bb type=\u00bb4_4&#8243; theme_builder_area=\u00bbpost_content\u00bb][et_pb_text _builder_version=\u00bb4.27.4&#8243; _module_preset=\u00bbdefault\u00bb theme_builder_area=\u00bbpost_content\u00bb hover_enabled=\u00bb0&#8243; sticky_enabled=\u00bb0&#8243;]<\/p>\n<p style=\"text-align: center;\"><span><span style=\"font-size: xx-large;\"><b>AVISO LEGAL<\/b><\/span><b><\/b><\/span><\/p>\n<p style=\"text-align: center;\"><span><span style=\"font-size: xx-large;\"><b><\/b><\/span><\/span><\/p>\n<p>En cumplimiento con el deber de informaci\u00f3n recogido en el art\u00edculo 10 de la Ley 34\/2002, de 11 de julio, de servicios de la sociedad de la informaci\u00f3n y de comercio electr\u00f3nico, se informa a los usuarios que el presente sitio web es titularidad de:<\/p>\n<p><b>Titular:<\/b> Flexi Group 2023 S.L.U.<br \/><b>C.I.F.:<\/b> B56434293<br \/><b>Domicilio social:<\/b> Avenida de Espa\u00f1a, 52, Local 9, 41704 Dos Hermanas, Sevilla (Espa\u00f1a)<br \/><b>Correo electr\u00f3nico de contacto:<\/b> proyectosfxg@gmail.com<\/p>\n<p><b>1. Objeto<\/b><br \/>El presente sitio web ha sido creado con la finalidad de informar sobre la actividad y productos del Flexi Group 2023 SLU, permitiendo a sus usuarios conocer sus servicios, contactar con el equipo y realizar consultas o pedir presupuestos.<\/p>\n<p><b>2. Condiciones de uso<\/b><br \/>El acceso y uso del sitio web atribuye la condici\u00f3n de usuario, lo cual implica la aceptaci\u00f3n plena y sin reservas de todas las disposiciones incluidas en este aviso legal en el momento mismo en que se accede al sitio. FlexiGoup 2023 S.L.U. se reserva el derecho a modificar en cualquier momento y sin previo aviso la presentaci\u00f3n, configuraci\u00f3n y contenido del sitio, as\u00ed como las condiciones requeridas para su acceso y\/o utilizaci\u00f3n.<\/p>\n<p><b>3. Propiedad intelectual e industrial<\/b><br \/>Todos los contenidos del sitio web (textos, im\u00e1genes, dise\u00f1os, c\u00f3digo fuente, marcas, logotipos, etc.) son propiedad de FlexiGoup 2023 S.L.U.<span class=\"Apple-converted-space\">\u00a0 <\/span>o, en su caso, dispone de licencia o autorizaci\u00f3n expresa por parte de los titulares, estando protegidos por la normativa vigente en materia de propiedad intelectual e industrial.<\/p>\n<p>Queda prohibida la reproducci\u00f3n, distribuci\u00f3n, comunicaci\u00f3n p\u00fablica, transformaci\u00f3n o cualquier otra forma de explotaci\u00f3n, sin la previa autorizaci\u00f3n expresa y por escrito de FlexiGoup 2023 S.L.U.<\/p>\n<p><b>4. Responsabilidad<\/b><br \/>FlexiGoup 2023 S.L.U. no se responsabiliza del mal uso que se realice de los contenidos del sitio web, siendo exclusiva responsabilidad del usuario que accede a ellos o los utiliza. Tampoco se responsabiliza de posibles errores de seguridad ni de los da\u00f1os que puedan causarse al sistema inform\u00e1tico del usuario como consecuencia de la presencia de virus u otros elementos da\u00f1inos.<\/p>\n<p><b>5. Protecci\u00f3n de datos<\/b><br \/>Para conocer c\u00f3mo se tratan sus datos personales, el usuario puede consultar nuestra <b>Pol\u00edtica de Privacidad<\/b>, disponible en esta misma web.<\/p>\n<p><b>6. Legislaci\u00f3n aplicable y jurisdicci\u00f3n<\/b><br \/>El presente aviso legal se rige en todos y cada uno de sus extremos por la legislaci\u00f3n espa\u00f1ola. Para la resoluci\u00f3n de cualquier controversia que pudiera derivarse del acceso o uso de este sitio web, las partes se someten a los <span class=\"Apple-converted-space\"><\/span>juzgados y tribunales de Sevilla, con renuncia expresa a cualquier otro fuero que pudiera corresponderles.<\/p>\n<p>&nbsp;<\/p>\n<p>&nbsp;<\/p>\n<p>&nbsp;<\/p>\n<p>&nbsp;<\/p>\n<p>&nbsp;<\/p>\n<p>[\/et_pb_text][\/et_pb_column][\/et_pb_row][\/et_pb_section]<\/p>\n","protected":false},"excerpt":{"rendered":"<p>AVISO LEGAL En cumplimiento con el deber de informaci\u00f3n recogido en el art\u00edculo 10 de la Ley 34\/2002, de 11 de julio, de servicios de la sociedad de la informaci\u00f3n y de comercio electr\u00f3nico, se informa a los usuarios que el presente sitio web es titularidad de: Titular: Flexi Group 2023 S.L.U.C.I.F.: B56434293Domicilio social: Avenida [&hellip;]<\/p>\n","protected":false},"author":1,"featured_media":0,"parent":0,"menu_order":0,"comment_status":"closed","ping_status":"closed","template":"","meta":{"_et_pb_use_builder":"on","_et_pb_old_content":"","_et_gb_content_width":"","footnotes":""},"class_list":["post-185","page","type-page","status-publish","hentry"],"_links":{"self":[{"href":"https:\/\/reformasyproyectosdoshermanas.com\/index.php\/wp-json\/wp\/v2\/pages\/185","targetHints":{"allow":["GET"]}}],"collection":[{"href":"https:\/\/reformasyproyectosdoshermanas.com\/index.php\/wp-json\/wp\/v2\/pages"}],"about":[{"href":"https:\/\/reformasyproyectosdoshermanas.com\/index.php\/wp-json\/wp\/v2\/types\/page"}],"author":[{"embeddable":true,"href":"https:\/\/reformasyproyectosdoshermanas.com\/index.php\/wp-json\/wp\/v2\/users\/1"}],"replies":[{"embeddable":true,"href":"https:\/\/reformasyproyectosdoshermanas.com\/index.php\/wp-json\/wp\/v2\/comments?post=185"}],"version-history":[{"count":3,"href":"https:\/\/reformasyproyectosdoshermanas.com\/index.php\/wp-json\/wp\/v2\/pages\/185\/revisions"}],"predecessor-version":[{"id":190,"href":"https:\/\/reformasyproyectosdoshermanas.com\/index.php\/wp-json\/wp\/v2\/pages\/185\/revisions\/190"}],"wp:attachment":[{"href":"https:\/\/reformasyproyectosdoshermanas.com\/index.php\/wp-json\/wp\/v2\/media?parent=185"}],"curies":[{"name":"wp","href":"https:\/\/api.w.org\/{rel}","templated":true}]}}