{"id":132,"date":"2025-08-28T16:33:30","date_gmt":"2025-08-28T16:33:30","guid":{"rendered":"https:\/\/reformasyproyectosdoshermanas.com\/?page_id=132"},"modified":"2025-08-28T17:18:34","modified_gmt":"2025-08-28T17:18:34","slug":"quienes-somos","status":"publish","type":"page","link":"https:\/\/reformasyproyectosdoshermanas.com\/index.php\/quienes-somos\/","title":{"rendered":"Qui\u00e9nes somos"},"content":{"rendered":"<p>[et_pb_section fb_built=\u00bb1&#8243; _builder_version=\u00bb4.27.4&#8243; _module_preset=\u00bbdefault\u00bb background_image=\u00bbhttps:\/\/reformasyproyectosdoshermanas.com\/wp-content\/uploads\/2025\/08\/suelos.jpg\u00bb custom_padding=\u00bb||322px|||\u00bb global_colors_info=\u00bb{}\u00bb][\/et_pb_section][et_pb_section fb_built=\u00bb1&#8243; _builder_version=\u00bb4.27.4&#8243; _module_preset=\u00bbdefault\u00bb background_enable_color=\u00bboff\u00bb background_image=\u00bbhttps:\/\/reformasyproyectosdoshermanas.com\/wp-content\/uploads\/2025\/08\/logo-fondo3.png\u00bb parallax=\u00bbon\u00bb animation_style=\u00bbslide\u00bb animation_direction=\u00bbbottom\u00bb animation_duration=\u00bb1900ms\u00bb global_colors_info=\u00bb{}\u00bb][et_pb_row _builder_version=\u00bb4.27.4&#8243; _module_preset=\u00bbdefault\u00bb custom_padding=\u00bb24px|||||\u00bb global_colors_info=\u00bb{}\u00bb][et_pb_column type=\u00bb4_4&#8243; _builder_version=\u00bb4.27.4&#8243; _module_preset=\u00bbdefault\u00bb global_colors_info=\u00bb{}\u00bb][et_pb_text _builder_version=\u00bb4.27.4&#8243; _module_preset=\u00bbdefault\u00bb text_text_color=\u00bb#000000&#8243; text_orientation=\u00bbcenter\u00bb global_colors_info=\u00bb{}\u00bb]<\/p>\n<h1><span style=\"color: #333333;\">Flexi Group, un proyecto nuevo con 40 a\u00f1os de experiencia<\/span><\/h1>\n<p>[\/et_pb_text][\/et_pb_column][\/et_pb_row][et_pb_row column_structure=\u00bb1_2,1_2&#8243; _builder_version=\u00bb4.27.4&#8243; _module_preset=\u00bbdefault\u00bb global_colors_info=\u00bb{}\u00bb][et_pb_column type=\u00bb1_2&#8243; _builder_version=\u00bb4.27.4&#8243; _module_preset=\u00bbdefault\u00bb global_colors_info=\u00bb{}\u00bb][et_pb_text _builder_version=\u00bb4.27.4&#8243; _module_preset=\u00bbdefault\u00bb global_colors_info=\u00bb{}\u00bb]<\/p>\n<p data-start=\"1044\" data-end=\"1280\" style=\"text-align: justify;\"><span style=\"font-size: medium;\">En Flexi Group S.L. se form\u00f3 en Dos Hermanas en el a\u00f1o 2013 pero con equipo de profesionales con m\u00e1s de 40 a\u00f1os de experiencia en el sector de la construcci\u00f3n y las reformas. Nuestra misi\u00f3n es <strong data-start=\"1192\" data-end=\"1277\">convertir cada proyecto en un espacio funcional, seguro y est\u00e9ticamente atractivo<\/strong>.<\/span><\/p>\n<p data-start=\"1288\" data-end=\"1494\" style=\"text-align: justify;\"><span style=\"font-size: medium;\"><span style=\"font-size: medium;\">Trabajamos en la provincia de Sevilla, y en Dos Hermanas tenemos nuestra oficina. Nos dedicamos tanto en <\/span><strong data-start=\"1308\" data-end=\"1344\">reformas integrales de viviendas<\/strong><span style=\"font-size: medium;\">, como en <\/span><strong data-start=\"1354\" data-end=\"1430\">reformas de locales comerciales, obra nueva y rehabilitaci\u00f3n de fachadas<\/strong><span style=\"font-size: medium;\">, siempre adapt\u00e1ndonos a las necesidades de nuestros clientes.<\/span><\/span><\/p>\n<p data-start=\"1502\" data-end=\"1726\" style=\"text-align: justify;\"><span style=\"font-size: medium;\">Nos enorgullece ofrecer un <strong data-start=\"1529\" data-end=\"1580\">servicio integral en Dos Hermanas y alrededores<\/strong>, desde la planificaci\u00f3n inicial hasta la entrega final del proyecto, cuidando cada detalle, cumpliendo plazos y garantizando la m\u00e1xima calidad.<\/span><\/p>\n<p data-start=\"1734\" data-end=\"1933\" style=\"text-align: justify;\"><span style=\"font-size: medium;\">Nuestro equipo incluye expertos en <strong data-start=\"1769\" data-end=\"1861\">fontaner\u00eda, electricidad, carpinter\u00eda, pintura, revestimientos, impermeabilizaci\u00f3n y m\u00e1s<\/strong>, asegurando que tu reforma o construcci\u00f3n sea completa y profesional.<\/span><\/p>\n<p data-start=\"1941\" data-end=\"2100\" style=\"text-align: justify;\"><span style=\"font-size: medium;\">Elegir Flexi Group es elegir <strong data-start=\"1970\" data-end=\"2024\">tranquilidad, confianza y resultados excepcionales<\/strong>, porque cada proyecto es \u00fanico y cada cliente merece la mejor experiencia.<\/span><\/p>\n<p data-start=\"1941\" data-end=\"2100\" style=\"text-align: justify;\"><span style=\"font-size: medium;\">Casas, locales, pisos&#8230; trabajamos cualquier inmueble.<\/span><\/p>\n<p data-start=\"1941\" data-end=\"2100\" style=\"text-align: justify;\"><span style=\"font-size: medium;\"><\/span><\/p>\n<p>[\/et_pb_text][\/et_pb_column][et_pb_column type=\u00bb1_2&#8243; _builder_version=\u00bb4.27.4&#8243; _module_preset=\u00bbdefault\u00bb global_colors_info=\u00bb{}\u00bb][et_pb_image src=\u00bbhttps:\/\/reformasyproyectosdoshermanas.com\/wp-content\/uploads\/2025\/08\/Diseno-sin-titulo-37.jpg\u00bb title_text=\u00bbDise\u00f1o sin t\u00edtulo (37)\u00bb _builder_version=\u00bb4.27.4&#8243; _module_preset=\u00bbdefault\u00bb global_colors_info=\u00bb{}\u00bb][\/et_pb_image][\/et_pb_column][\/et_pb_row][et_pb_row _builder_version=\u00bb4.27.4&#8243; _module_preset=\u00bbdefault\u00bb global_colors_info=\u00bb{}\u00bb][et_pb_column type=\u00bb4_4&#8243; _builder_version=\u00bb4.27.4&#8243; _module_preset=\u00bbdefault\u00bb global_colors_info=\u00bb{}\u00bb][et_pb_text _builder_version=\u00bb4.27.4&#8243; _module_preset=\u00bbdefault\u00bb text_font_size=\u00bb18px\u00bb width=\u00bb77%\u00bb module_alignment=\u00bbcenter\u00bb global_colors_info=\u00bb{}\u00bb]<\/p>\n<p style=\"text-align: justify;\">En <b>Flexi Group <\/b>transformamos tus ideas en realidades s\u00f3lidas. Nos especializamos en <strong data-start=\"308\" data-end=\"378\">reformas integrales, rehabilitaciones y construcci\u00f3n de obra nueva<\/strong>, ofreciendo soluciones adaptadas a cada necesidad, siempre con la m\u00e1xima calidad y compromiso.<\/p>\n<p>[\/et_pb_text][\/et_pb_column][\/et_pb_row][et_pb_row _builder_version=\u00bb4.27.4&#8243; _module_preset=\u00bbdefault\u00bb global_colors_info=\u00bb{}\u00bb][et_pb_column type=\u00bb4_4&#8243; _builder_version=\u00bb4.27.4&#8243; _module_preset=\u00bbdefault\u00bb global_colors_info=\u00bb{}\u00bb][et_pb_image src=\u00bbhttps:\/\/reformasyproyectosdoshermanas.com\/wp-content\/uploads\/2025\/08\/modern-white-studio-apartment-with-dining-table-row-green-plants-1-scaled.jpg\u00bb title_text=\u00bbA modern white studio apartment with a dining table and row of green plants\u00bb _builder_version=\u00bb4.27.4&#8243; _module_preset=\u00bbdefault\u00bb global_colors_info=\u00bb{}\u00bb][\/et_pb_image][et_pb_image src=\u00bbhttps:\/\/reformasyproyectosdoshermanas.com\/wp-content\/uploads\/2025\/08\/IMG_3975-2-scaled.jpg\u00bb title_text=\u00bbIMG_3975 2&#8243; _builder_version=\u00bb4.27.4&#8243; _module_preset=\u00bbdefault\u00bb global_colors_info=\u00bb{}\u00bb][\/et_pb_image][\/et_pb_column][\/et_pb_row][\/et_pb_section][et_pb_section fb_built=\u00bb1&#8243; _builder_version=\u00bb4.27.4&#8243; _module_preset=\u00bbdefault\u00bb background_color=\u00bb#95aca2&#8243; global_colors_info=\u00bb{}\u00bb][et_pb_row _builder_version=\u00bb4.27.4&#8243; _module_preset=\u00bbdefault\u00bb global_colors_info=\u00bb{}\u00bb][et_pb_column type=\u00bb4_4&#8243; _builder_version=\u00bb4.27.4&#8243; _module_preset=\u00bbdefault\u00bb global_colors_info=\u00bb{}\u00bb][et_pb_text _builder_version=\u00bb4.27.4&#8243; _module_preset=\u00bbdefault\u00bb global_colors_info=\u00bb{}\u00bb]<\/p>\n<h1 style=\"text-align: center;\"><span style=\"color: #ffffff;\">Reformas integrales en Dos Hermanas | Flexi Group |<\/span><\/h1>\n<p>[\/et_pb_text][et_pb_text _builder_version=\u00bb4.27.4&#8243; _module_preset=\u00bbdefault\u00bb global_colors_info=\u00bb{}\u00bb]<\/p>\n<h2 style=\"text-align: center;\"><span style=\"color: #ffffff;\">M\u00e1s de 30 a\u00f1os de experiencia en el sector construcci\u00f3n nos avalan<\/span><\/h2>\n<p>[\/et_pb_text][et_pb_button button_url=\u00bbhttp:\/\/614383094&#8243; button_text=\u00bbSolicita tu presupuesto gratis \u00bb button_alignment=\u00bbcenter\u00bb _builder_version=\u00bb4.27.4&#8243; _module_preset=\u00bbdefault\u00bb custom_button=\u00bbon\u00bb button_text_color=\u00bb#FFFFFF\u00bb button_bg_color=\u00bb#545454&#8243; button_border_width=\u00bb0px\u00bb button_border_radius=\u00bb0px\u00bb button_use_icon=\u00bboff\u00bb global_colors_info=\u00bb{}\u00bb][\/et_pb_button][\/et_pb_column][\/et_pb_row][\/et_pb_section][et_pb_section fb_built=\u00bb1&#8243; _builder_version=\u00bb4.27.4&#8243; _module_preset=\u00bbdefault\u00bb custom_padding=\u00bb||47px|||\u00bb global_colors_info=\u00bb{}\u00bb][\/et_pb_section]<\/p>\n","protected":false},"excerpt":{"rendered":"<p>Flexi Group, un proyecto nuevo con 40 a\u00f1os de experienciaEn Flexi Group S.L. se form\u00f3 en Dos Hermanas en el a\u00f1o 2013 pero con equipo de profesionales con m\u00e1s de 40 a\u00f1os de experiencia en el sector de la construcci\u00f3n y las reformas. Nuestra misi\u00f3n es convertir cada proyecto en un espacio funcional, seguro y [&hellip;]<\/p>\n","protected":false},"author":1,"featured_media":0,"parent":0,"menu_order":0,"comment_status":"closed","ping_status":"closed","template":"","meta":{"_et_pb_use_builder":"on","_et_pb_old_content":"","_et_gb_content_width":"","footnotes":""},"class_list":["post-132","page","type-page","status-publish","hentry"],"_links":{"self":[{"href":"https:\/\/reformasyproyectosdoshermanas.com\/index.php\/wp-json\/wp\/v2\/pages\/132","targetHints":{"allow":["GET"]}}],"collection":[{"href":"https:\/\/reformasyproyectosdoshermanas.com\/index.php\/wp-json\/wp\/v2\/pages"}],"about":[{"href":"https:\/\/reformasyproyectosdoshermanas.com\/index.php\/wp-json\/wp\/v2\/types\/page"}],"author":[{"embeddable":true,"href":"https:\/\/reformasyproyectosdoshermanas.com\/index.php\/wp-json\/wp\/v2\/users\/1"}],"replies":[{"embeddable":true,"href":"https:\/\/reformasyproyectosdoshermanas.com\/index.php\/wp-json\/wp\/v2\/comments?post=132"}],"version-history":[{"count":7,"href":"https:\/\/reformasyproyectosdoshermanas.com\/index.php\/wp-json\/wp\/v2\/pages\/132\/revisions"}],"predecessor-version":[{"id":184,"href":"https:\/\/reformasyproyectosdoshermanas.com\/index.php\/wp-json\/wp\/v2\/pages\/132\/revisions\/184"}],"wp:attachment":[{"href":"https:\/\/reformasyproyectosdoshermanas.com\/index.php\/wp-json\/wp\/v2\/media?parent=132"}],"curies":[{"name":"wp","href":"https:\/\/api.w.org\/{rel}","templated":true}]}}